{"id":11,"date":"2016-09-15T12:06:17","date_gmt":"2016-09-15T10:06:17","guid":{"rendered":"http:\/\/127.0.0.1\/izoun\/?page_id=11"},"modified":"2023-05-30T10:55:55","modified_gmt":"2023-05-30T08:55:55","slug":"uvodni-stranka","status":"publish","type":"page","link":"https:\/\/jk-watches-dz.com\/ru\/","title":{"rendered":"\u00daVODN\u00cd STR\u00c1NKA"},"content":{"rendered":"","protected":false},"excerpt":{"rendered":"","protected":false},"author":2,"featured_media":0,"parent":0,"menu_order":0,"comment_status":"closed","ping_status":"closed","template":"titulka.php","meta":{"footnotes":""},"class_list":["post-11","page","type-page","status-publish","hentry"],"translation":{"provider":"WPGlobus","version":"3.0.0","language":"ru","enabled_languages":["cz","de","aj","ru"],"languages":{"cz":{"title":true,"content":false,"excerpt":false},"de":{"title":false,"content":false,"excerpt":false},"aj":{"title":false,"content":false,"excerpt":false},"ru":{"title":false,"content":false,"excerpt":false}}},"aioseo_notices":[],"_links":{"self":[{"href":"https:\/\/jk-watches-dz.com\/ru\/wp-json\/wp\/v2\/pages\/11","targetHints":{"allow":["GET"]}}],"collection":[{"href":"https:\/\/jk-watches-dz.com\/ru\/wp-json\/wp\/v2\/pages"}],"about":[{"href":"https:\/\/jk-watches-dz.com\/ru\/wp-json\/wp\/v2\/types\/page"}],"author":[{"embeddable":true,"href":"https:\/\/jk-watches-dz.com\/ru\/wp-json\/wp\/v2\/users\/2"}],"replies":[{"embeddable":true,"href":"https:\/\/jk-watches-dz.com\/ru\/wp-json\/wp\/v2\/comments?post=11"}],"version-history":[{"count":1,"href":"https:\/\/jk-watches-dz.com\/ru\/wp-json\/wp\/v2\/pages\/11\/revisions"}],"predecessor-version":[{"id":802,"href":"https:\/\/jk-watches-dz.com\/ru\/wp-json\/wp\/v2\/pages\/11\/revisions\/802"}],"wp:attachment":[{"href":"https:\/\/jk-watches-dz.com\/ru\/wp-json\/wp\/v2\/media?parent=11"}],"curies":[{"name":"wp","href":"https:\/\/api.w.org\/{rel}","templated":true}]}}