{"id":9,"date":"2016-09-15T12:05:46","date_gmt":"2016-09-15T10:05:46","guid":{"rendered":"http:\/\/127.0.0.1\/izoun\/?page_id=9"},"modified":"2021-09-05T14:43:20","modified_gmt":"2021-09-05T12:43:20","slug":"kontakt","status":"publish","type":"page","link":"https:\/\/jk-watches-dz.com\/de\/kontakt","title":{"rendered":"KONTAKT"},"content":{"rendered":"<h3>PRODUKTION<\/h3>\n<div dir=\"ltr\">\n<div class=\"clr\">\n<p>E-mail &nbsp;: &nbsp;production@jk-watches-dz.com<br \/>\nPhone : &nbsp;+420 777 085 496<\/p>\n<\/div>\n<hr>\n<h3>SERVICE<\/h3>\n<div class=\"clr\">\n<p>E-mail &nbsp;: service@jk-watches-dz.com<br \/>\nPhone&nbsp;:&nbsp; +420 739&nbsp;219&nbsp;499<\/p>\n<\/div>\n<h3>schreiben Sie uns<\/h3>\n\n<div class=\"wpcf7 no-js\" id=\"wpcf7-f125-o1\" lang=\"cs-CZ\" dir=\"ltr\" data-wpcf7-id=\"125\">\n<div class=\"screen-reader-response\"><p role=\"status\" aria-live=\"polite\" aria-atomic=\"true\"><\/p> <ul><\/ul><\/div>\n<form action=\"\/de\/wp-json\/wp\/v2\/pages\/9#wpcf7-f125-o1\" method=\"post\" class=\"wpcf7-form init\" aria-label=\"Kontaktn\u00ed formul\u00e1\u0159\" novalidate=\"novalidate\" data-status=\"init\">\n<fieldset class=\"hidden-fields-container\"><input type=\"hidden\" name=\"_wpcf7\" value=\"125\" \/><input type=\"hidden\" name=\"_wpcf7_version\" value=\"6.1.2\" \/><input type=\"hidden\" name=\"_wpcf7_locale\" value=\"cs_CZ\" \/><input type=\"hidden\" name=\"_wpcf7_unit_tag\" value=\"wpcf7-f125-o1\" \/><input type=\"hidden\" name=\"_wpcf7_container_post\" value=\"0\" \/><input type=\"hidden\" name=\"_wpcf7_posted_data_hash\" value=\"\" \/>\n<\/fieldset>\n<p><label><span class=\"wpcf7-form-control-wrap\" data-name=\"your-email\"><input size=\"40\" maxlength=\"400\" class=\"wpcf7-form-control wpcf7-email wpcf7-validates-as-required wpcf7-text wpcf7-validates-as-email\" aria-required=\"true\" aria-invalid=\"false\" placeholder=\"Ihre E-Mail\" value=\"\" type=\"email\" name=\"your-email\" \/><\/span><\/label><br \/>\n<label><span class=\"wpcf7-form-control-wrap\" data-name=\"your-message\"><textarea cols=\"40\" rows=\"10\" maxlength=\"2000\" class=\"wpcf7-form-control wpcf7-textarea\" aria-invalid=\"false\" name=\"your-message\">Ihre Nachricht<\/textarea><\/span><\/label><br \/>\n<input class=\"wpcf7-form-control wpcf7-submit has-spinner\" type=\"submit\" value=\"Senden\" \/>\n<\/p><div class=\"wpcf7-response-output\" aria-hidden=\"true\"><\/div>\n<\/form>\n<\/div>\n\n<\/div>\n","protected":false},"excerpt":{"rendered":"<p>PRODUKTION E-mail &nbsp;: &nbsp;production@jk-watches-dz.com Phone : &nbsp;+420 777 085 496 SERVICE E-mail &nbsp;: service@jk-watches-dz.com Phone&nbsp;:&nbsp; +420 739&nbsp;219&nbsp;499 schreiben Sie uns<\/p>\n","protected":false},"author":2,"featured_media":0,"parent":0,"menu_order":3,"comment_status":"closed","ping_status":"closed","template":"kontakt.php","meta":{"footnotes":""},"class_list":["post-9","page","type-page","status-publish","hentry"],"translation":{"provider":"WPGlobus","version":"3.0.0","language":"de","enabled_languages":["cz","de","aj","ru"],"languages":{"cz":{"title":true,"content":true,"excerpt":false},"de":{"title":true,"content":true,"excerpt":false},"aj":{"title":true,"content":true,"excerpt":false},"ru":{"title":true,"content":true,"excerpt":false}}},"aioseo_notices":[],"_links":{"self":[{"href":"https:\/\/jk-watches-dz.com\/de\/wp-json\/wp\/v2\/pages\/9","targetHints":{"allow":["GET"]}}],"collection":[{"href":"https:\/\/jk-watches-dz.com\/de\/wp-json\/wp\/v2\/pages"}],"about":[{"href":"https:\/\/jk-watches-dz.com\/de\/wp-json\/wp\/v2\/types\/page"}],"author":[{"embeddable":true,"href":"https:\/\/jk-watches-dz.com\/de\/wp-json\/wp\/v2\/users\/2"}],"replies":[{"embeddable":true,"href":"https:\/\/jk-watches-dz.com\/de\/wp-json\/wp\/v2\/comments?post=9"}],"version-history":[{"count":10,"href":"https:\/\/jk-watches-dz.com\/de\/wp-json\/wp\/v2\/pages\/9\/revisions"}],"predecessor-version":[{"id":722,"href":"https:\/\/jk-watches-dz.com\/de\/wp-json\/wp\/v2\/pages\/9\/revisions\/722"}],"wp:attachment":[{"href":"https:\/\/jk-watches-dz.com\/de\/wp-json\/wp\/v2\/media?parent=9"}],"curies":[{"name":"wp","href":"https:\/\/api.w.org\/{rel}","templated":true}]}}