{"id":5,"date":"2016-09-15T12:05:08","date_gmt":"2016-09-15T10:05:08","guid":{"rendered":"http:\/\/127.0.0.1\/izoun\/?page_id=5"},"modified":"2021-09-05T13:06:34","modified_gmt":"2021-09-05T11:06:34","slug":"vyroba","status":"publish","type":"page","link":"https:\/\/jk-watches-dz.com\/de\/vyroba","title":{"rendered":"PRODUKTION"},"content":{"rendered":"<p style=\"text-align: center;\">SEHR GEEHRTE POTENZIELLE BESITZER VON QUALIT\u00c4TSARMBANDUHREN. WIR SIND IN DER VORBEREITUNGSPHASE UND STEHEN KURZ VOR BEGINN DER MANUFAKTURFERTIGUNG EINER LIMITIERTEN REIHE VON ARMBANDUHREN F\u00dcR DIE T\u00c4GLICHE FREUDE AN DER ZEIT AN DEN HANDGELENKEN VON FREUNDSCHAFTLICHEN, AKTIVEN UND SPORTBEGEISTERTEN LIEBHABERN STILVOLLER UND UN\u00dcBERSEHBARER UHREN IN ZOUNA-QUALIT\u00c4T UND ZU KA\u0160P\u00c1REK-PREISEN.<\/p>\n<p style=\"text-align: center;\">\n\t\t<!-- MasterSlider -->\n\t\t<div id=\"P_MS62a18fe7e8be2\" class=\"master-slider-parent ms-partialview-template ms-parent-id-1\" style=\"max-width:100%;\" >\n\n\t\t\t\n\t\t\t<!-- MasterSlider Main -->\n\t\t\t<div id=\"MS62a18fe7e8be2\" class=\"master-slider ms-skin-default\" >\n\t\t\t\t \t\t\t\t \n\n\t\t\t<div  class=\"ms-slide\" data-delay=\"3\" data-fill-mode=\"fill\"   >\n\t\t\t\t\t<img decoding=\"async\" src=\"https:\/\/jk-watches-dz.com\/wp-content\/plugins\/masterslider\/public\/assets\/css\/blank.gif\" alt=\"\" title=\"35.D.Zoun OPRAVY SERVIS HODINKY IZOUN\" data-src=\"https:\/\/jk-watches-dz.com\/wp-content\/uploads\/2020\/07\/35.D.Zoun-OPRAVY-SERVIS-HODINKY-IZOUN.jpg\" \/>\n\n\t\t\t\t\t<div class=\"ms-info ms-info-empty\">&nbsp;<\/div>\n\n\n\t\t\t\t<\/div>\n\t\t\t<div  class=\"ms-slide\" data-delay=\"3\" data-fill-mode=\"fit\"   >\n\t\t\t\t\t<img decoding=\"async\" src=\"https:\/\/jk-watches-dz.com\/wp-content\/plugins\/masterslider\/public\/assets\/css\/blank.gif\" alt=\"\" title=\"47.FOTOGRAFIE DAVID 1.V\u00ddROBA HODINEK 06.11.2021\" data-src=\"https:\/\/jk-watches-dz.com\/wp-content\/uploads\/2021\/11\/47.FOTOGRAFIE-DAVID-1.VYROBA-HODINEK-06.11.2021-scaled.jpg\" \/>\n\n\t\t\t\t\t<div class=\"ms-info ms-info-empty\">&nbsp;<\/div>\n\n\n\t\t\t\t<\/div>\n\t\t\t<div  class=\"ms-slide\" data-delay=\"3\" data-fill-mode=\"fill\"   >\n\t\t\t\t\t<img decoding=\"async\" src=\"https:\/\/jk-watches-dz.com\/wp-content\/plugins\/masterslider\/public\/assets\/css\/blank.gif\" alt=\"\" title=\"53.J.KASPAREK D.ZOUN OPRAVA-SERVIS HODIN\" data-src=\"https:\/\/jk-watches-dz.com\/wp-content\/uploads\/2022\/06\/53.J.KASPAREK-D.ZOUN-OPRAVA-SERVIS-HODIN-scaled.jpg\" \/>\n\n\t\t\t\t\t<div class=\"ms-info ms-info-empty\">&nbsp;<\/div>\n\n\n\t\t\t\t<\/div>\n\n\t\t\t<\/div>\n\t\t\t<!-- END MasterSlider Main -->\n\n\t\t\t \n\t\t<\/div>\n\t\t<!-- END MasterSlider -->\n\n\t\t<script>\n\t\t( window.MSReady = window.MSReady || [] ).push( function( $ ) {\n\n\t\t\t\"use strict\";\n\t\t\tvar masterslider_8be2 = new MasterSlider();\n\n\t\t\t\/\/ slider controls\n\t\t\tmasterslider_8be2.control('arrows'     ,{ autohide:true, overVideo:true  });\n\t\t\tmasterslider_8be2.control('circletimer',{ autohide:false, overVideo:true, color:'#FFFFFF', radius:4, stroke:9   });\n\t\t\tmasterslider_8be2.control('slideinfo'  ,{ autohide:false, overVideo:true, dir:'h', align:'bottom',inset:false , margin:10   });\n\t\t\t\/\/ slider setup\n\t\t\tmasterslider_8be2.setup(\"MS62a18fe7e8be2\", {\n\t\t\t\twidth           : 1000,\n\t\t\t\theight          : 500,\n\t\t\t\tminHeight       : 0,\n\t\t\t\tspace           : 10,\n\t\t\t\tstart           : 1,\n\t\t\t\tgrabCursor      : true,\n\t\t\t\tswipe           : true,\n\t\t\t\tmouse           : true,\n\t\t\t\tkeyboard        : false,\n\t\t\t\tlayout          : \"partialview\",\n\t\t\t\twheel           : false,\n\t\t\t\tautoplay        : false,\n                instantStartLayers:false,\n\t\t\t\tmobileBGVideo:false,\n\t\t\t\tloop            : true,\n\t\t\t\tshuffle         : false,\n\t\t\t\tpreload         : 0,\n\t\t\t\theightLimit     : true,\n\t\t\t\tautoHeight      : false,\n\t\t\t\tsmoothHeight    : true,\n\t\t\t\tendPause        : false,\n\t\t\t\toverPause       : true,\n\t\t\t\tfillMode        : \"fill\",\n\t\t\t\tcenterControls  : true,\n\t\t\t\tstartOnAppear   : false,\n\t\t\t\tlayersMode      : \"center\",\n\t\t\t\tautofillTarget  : \"\",\n\t\t\t\thideLayers      : false,\n\t\t\t\tfullscreenMargin: 0,\n\t\t\t\tspeed           : 20,\n\t\t\t\tdir             : \"h\",\n\t\t\t\tresponsive      : true,\n\t\t\t\ttabletWidth     : 768,\n\t\t\t\ttabletHeight    : null,\n\t\t\t\tphoneWidth      : 480,\n\t\t\t\tphoneHeight    : null,\n\t\t\t\tsizingReference : window,\n\t\t\t\tparallaxMode    : 'swipe',\n\t\t\t\tview            : \"partialWave\"\n\t\t\t});\n\n\t\t\t\n\t\t\twindow.masterslider_instances = window.masterslider_instances || [];\n\t\t\twindow.masterslider_instances.push( masterslider_8be2 );\n\t\t});\n\t\t<\/script>\n\n<\/p>\n","protected":false},"excerpt":{"rendered":"<p>SEHR GEEHRTE POTENZIELLE BESITZER VON QUALIT\u00c4TSARMBANDUHREN. WIR SIND IN DER VORBEREITUNGSPHASE UND STEHEN KURZ VOR BEGINN DER MANUFAKTURFERTIGUNG EINER LIMITIERTEN REIHE VON ARMBANDUHREN F\u00dcR DIE T\u00c4GLICHE FREUDE AN DER ZEIT AN DEN HANDGELENKEN VON FREUNDSCHAFTLICHEN, AKTIVEN UND SPORTBEGEISTERTEN LIEBHABERN STILVOLLER UND UN\u00dcBERSEHBARER UHREN IN ZOUNA-QUALIT\u00c4T UND ZU KA\u0160P\u00c1REK-PREISEN.<\/p>\n","protected":false},"author":2,"featured_media":0,"parent":0,"menu_order":1,"comment_status":"closed","ping_status":"closed","template":"","meta":{"footnotes":""},"class_list":["post-5","page","type-page","status-publish","hentry"],"translation":{"provider":"WPGlobus","version":"3.0.0","language":"de","enabled_languages":["cz","de","aj","ru"],"languages":{"cz":{"title":true,"content":true,"excerpt":false},"de":{"title":true,"content":true,"excerpt":false},"aj":{"title":true,"content":true,"excerpt":false},"ru":{"title":true,"content":true,"excerpt":false}}},"aioseo_notices":[],"_links":{"self":[{"href":"https:\/\/jk-watches-dz.com\/de\/wp-json\/wp\/v2\/pages\/5","targetHints":{"allow":["GET"]}}],"collection":[{"href":"https:\/\/jk-watches-dz.com\/de\/wp-json\/wp\/v2\/pages"}],"about":[{"href":"https:\/\/jk-watches-dz.com\/de\/wp-json\/wp\/v2\/types\/page"}],"author":[{"embeddable":true,"href":"https:\/\/jk-watches-dz.com\/de\/wp-json\/wp\/v2\/users\/2"}],"replies":[{"embeddable":true,"href":"https:\/\/jk-watches-dz.com\/de\/wp-json\/wp\/v2\/comments?post=5"}],"version-history":[{"count":3,"href":"https:\/\/jk-watches-dz.com\/de\/wp-json\/wp\/v2\/pages\/5\/revisions"}],"predecessor-version":[{"id":700,"href":"https:\/\/jk-watches-dz.com\/de\/wp-json\/wp\/v2\/pages\/5\/revisions\/700"}],"wp:attachment":[{"href":"https:\/\/jk-watches-dz.com\/de\/wp-json\/wp\/v2\/media?parent=5"}],"curies":[{"name":"wp","href":"https:\/\/api.w.org\/{rel}","templated":true}]}}